{"id":28,"date":"2024-12-03T20:37:21","date_gmt":"2024-12-03T20:37:21","guid":{"rendered":"https:\/\/omni.4b.pt\/?page_id=28"},"modified":"2026-03-30T10:20:05","modified_gmt":"2026-03-30T10:20:05","slug":"home","status":"publish","type":"page","link":"https:\/\/omni.4b.pt\/","title":{"rendered":"Home"},"content":{"rendered":"<section class=\"bde-section-28-100 bde-section\">\n  \n\t\n\n\n\n<div class=\"section-container\"><div class=\"bde-columns-28-101 bde-columns\"><div class=\"bde-column-28-102 bde-column\">\n  \n\t\n\n\n\n<div class=\"bde-repeater-element-28-104 bde-repeater-element\">\n<div class=\"breakdance-swiper-wrapper\" data-swiper-id=\"104\">\n  <div class=\"swiper\">\n     <div class=\"ee-posts bde-dynamic-repeater bde-dynamic-repeater-104 bde-dynamic-repeater-slider swiper-wrapper\"><div class=\"ee-post bde-dynamic-repeater-item swiper-slide\"><img decoding=\"async\" class=\"bde-image2-40-100-option-1-40-1 bde-image2 bde-image2-40-100\" src=\"https:\/\/omni.4b.pt\/wp-content\/uploads\/2026\/03\/pessoas-omni-1-scaled.png\" loading=\"lazy\" srcset=\"https:\/\/omni.4b.pt\/wp-content\/uploads\/2026\/03\/pessoas-omni-1-scaled.png 2560w, https:\/\/omni.4b.pt\/wp-content\/uploads\/2026\/03\/pessoas-omni-1-300x200.png 300w, https:\/\/omni.4b.pt\/wp-content\/uploads\/2026\/03\/pessoas-omni-1-1024x683.png 1024w, https:\/\/omni.4b.pt\/wp-content\/uploads\/2026\/03\/pessoas-omni-1-768x512.png 768w, https:\/\/omni.4b.pt\/wp-content\/uploads\/2026\/03\/pessoas-omni-1-1536x1024.png 1536w, https:\/\/omni.4b.pt\/wp-content\/uploads\/2026\/03\/pessoas-omni-1-2048x1365.png 2048w\" sizes=\"(max-width: 2560px) 100vw, 2560px\"><\/img><\/div><\/div>\n  <\/div> \n              <div class=\"swiper-button-prev\">\n            \n        <\/div>\n        <div class=\"swiper-button-next\">\n            \n        <\/div>\n    \n    \n<\/div>\n\n<\/div>\n<\/div><div class=\"bde-column-28-103 bde-column\">\n  \n\t\n\n\n\n<div class=\"bde-div-28-105 bde-div\">\n  \n\t\n\n\n\n<h1 class=\"bde-heading-28-158 bde-heading\">\nWE REBUILD TODAY<br>A NEW TOMORROW\n<\/h1>\n<\/div>\n<\/div><\/div><\/div>\n<\/section><section class=\"bde-section-28-108 bde-section\">\n  \n\t\n\n\n\n<div class=\"section-container\"><div class=\"bde-columns-28-109 bde-columns\"><div class=\"bde-column-28-110 bde-column\">\n  \n\t\n\n\n\n<div class=\"bde-div-28-120 bde-div\">\n  \n\t\n\n\n\n<h1 class=\"bde-heading-28-163 bde-heading\">\nREBUILDING THE FUTURE\n<\/h1><div class=\"bde-rich-text-28-159 bde-rich-text breakdance-rich-text-styles\">\n<p>A Omnirehab \u00e9 uma empresa especializada em reabilita\u00e7\u00e3o estrutural, renova\u00e7\u00e3o t\u00e9cnica e manuten\u00e7\u00e3o de edif\u00edcios. Cada interven\u00e7\u00e3o combina precis\u00e3o, inova\u00e7\u00e3o e excel\u00eancia, assegurando solu\u00e7\u00f5es duradouras, seguras e rigorosamente planeadas.<\/p>\n<p>Garantimos seguran\u00e7a e longevidade aos edif\u00edcios e trabalhamos hoje para construir o amanh\u00e3.<\/p>\n<\/div><div class=\"bde-button-28-122 bde-button\">\n    \n                                    \n    \n    \n    \n    \n            \n            <button type=\"button\" class=\"button-atom button-atom--custom bde-button__button\"  >\n    \n        <span class=\"button-atom__text\">Conhe\u00e7a a nossa hist\u00f3ria<\/span>\n\n        \n        \n            <\/button>\n    \n\n\n<\/div>\n<\/div>\n<\/div><div class=\"bde-column-28-112 bde-column\">\n  \n\t\n\n\n\n<img decoding=\"async\" class=\"bde-image2-28-117 bde-image2\" src=\"http:\/\/omni.4b.pt\/wp-content\/uploads\/2026\/03\/A7406434.jpg\" loading=\"lazy\" srcset=\"https:\/\/omni.4b.pt\/wp-content\/uploads\/2026\/03\/A7406434.jpg 1080w, https:\/\/omni.4b.pt\/wp-content\/uploads\/2026\/03\/A7406434-169x300.jpg 169w, https:\/\/omni.4b.pt\/wp-content\/uploads\/2026\/03\/A7406434-576x1024.jpg 576w, https:\/\/omni.4b.pt\/wp-content\/uploads\/2026\/03\/A7406434-768x1365.jpg 768w, https:\/\/omni.4b.pt\/wp-content\/uploads\/2026\/03\/A7406434-864x1536.jpg 864w\" sizes=\"(max-width: 1080px) 100vw, 1080px\"><\/img>\n<\/div><\/div><\/div>\n<\/section><section class=\"bde-section-28-147 bde-section\">\n  \n\t\n\n\n\n<div class=\"section-container\"><h2 class=\"bde-heading-28-160 bde-heading\">\nEVERY INTERVENTION WE MAKE TODAY IS A STEP TOWARDS A SAFER, STRONGER, AND MORE RESILIENT TOMORROW.\n<\/h2><\/div>\n<\/section><section class=\"bde-section-28-161 bde-section\">\n  \n\t\n\n\n\n<div class=\"section-container\"><div class=\"bde-post-loop-28-162 bde-post-loop\">\n<div class=\"breakdance-swiper-wrapper\" data-swiper-id=\"162\"><div class=\"swiper\"><div class=\"ee-posts swiper-wrapper ee-posts-slider\">    <article class=\"ee-post swiper-slide\">\n        <a class=\"bde-container-link-274-107-286-274-1 bde-container-link bde-container-link-274-107 breakdance-link\" href=\"https:\/\/omni.4b.pt\/index.php\/servicos\/reabilitacao-estrutural\/\" target=\"_self\" data-type=\"url\">\n  \n\t\n\n\n\n<style>.breakdance .bde-div-274-100-286-274-1{background-image:url(https:\/\/omni.4b.pt\/wp-content\/uploads\/2024\/12\/site-omni-4-8.png);background-size:cover;background-repeat:no-repeat;background-position:center center}<\/style><div class=\"bde-div-274-100-286-274-1 bde-div bde-div-274-100\">\n  \n\t\n\n\n\n\n<\/div><div class=\"bde-div-274-106-286-274-1 bde-div hoverCard bde-div-274-106\">\n  \n\t\n\n\n\n<h2 class=\"bde-heading-274-102-286-274-1 bde-heading bde-heading-274-102\">\nReabilita\u00e7\u00e3o Estrutural\n<\/h2>\n<\/div>\n\n<\/a>    <\/article>\n    <article class=\"ee-post swiper-slide\">\n        <a class=\"bde-container-link-274-107-284-274-1 bde-container-link bde-container-link-274-107 breakdance-link\" href=\"https:\/\/omni.4b.pt\/index.php\/servicos\/manutencao-industrial\/\" target=\"_self\" data-type=\"url\">\n  \n\t\n\n\n\n<style>.breakdance .bde-div-274-100-284-274-1{background-image:url(https:\/\/omni.4b.pt\/wp-content\/uploads\/2024\/12\/manutencao-industrial.png);background-size:cover;background-repeat:no-repeat;background-position:center center}<\/style><div class=\"bde-div-274-100-284-274-1 bde-div bde-div-274-100\">\n  \n\t\n\n\n\n\n<\/div><div class=\"bde-div-274-106-284-274-1 bde-div hoverCard bde-div-274-106\">\n  \n\t\n\n\n\n<h2 class=\"bde-heading-274-102-284-274-1 bde-heading bde-heading-274-102\">\nManuten\u00e7\u00e3o industrial\n<\/h2>\n<\/div>\n\n<\/a>    <\/article>\n    <article class=\"ee-post swiper-slide\">\n        <a class=\"bde-container-link-274-107-282-274-1 bde-container-link bde-container-link-274-107 breakdance-link\" href=\"https:\/\/omni.4b.pt\/index.php\/servicos\/infraestruturas-e-redes-tecnicas\/\" target=\"_self\" data-type=\"url\">\n  \n\t\n\n\n\n<style>.breakdance .bde-div-274-100-282-274-1{background-image:url(https:\/\/omni.4b.pt\/wp-content\/uploads\/2024\/12\/infraestruturas-e-redes-tecnicas.png);background-size:cover;background-repeat:no-repeat;background-position:center center}<\/style><div class=\"bde-div-274-100-282-274-1 bde-div bde-div-274-100\">\n  \n\t\n\n\n\n\n<\/div><div class=\"bde-div-274-106-282-274-1 bde-div hoverCard bde-div-274-106\">\n  \n\t\n\n\n\n<h2 class=\"bde-heading-274-102-282-274-1 bde-heading bde-heading-274-102\">\nInfraestruturas e redes t\u00e9cnicas\n<\/h2>\n<\/div>\n\n<\/a>    <\/article>\n    <article class=\"ee-post swiper-slide\">\n        <a class=\"bde-container-link-274-107-279-274-1 bde-container-link bde-container-link-274-107 breakdance-link\" href=\"https:\/\/omni.4b.pt\/index.php\/servicos\/renovacao-energetica\/\" target=\"_self\" data-type=\"url\">\n  \n\t\n\n\n\n<style>.breakdance .bde-div-274-100-279-274-1{background-image:url(https:\/\/omni.4b.pt\/wp-content\/uploads\/2024\/12\/renovacao-energetica.png);background-size:cover;background-repeat:no-repeat;background-position:center center}<\/style><div class=\"bde-div-274-100-279-274-1 bde-div bde-div-274-100\">\n  \n\t\n\n\n\n\n<\/div><div class=\"bde-div-274-106-279-274-1 bde-div hoverCard bde-div-274-106\">\n  \n\t\n\n\n\n<h2 class=\"bde-heading-274-102-279-274-1 bde-heading bde-heading-274-102\">\n\u00a0Renova\u00e7\u00e3o Energ\u00e9tica\u00a0\n<\/h2>\n<\/div>\n\n<\/a>    <\/article>\n<\/div><\/div>\n    \n            <div class=\"swiper-pagination\"><\/div>\n    \n<\/div>\n\n<\/div><h1 class=\"bde-heading-28-164 bde-heading\">\nOS NOSSOS SERVI\u00c7OS\n<\/h1><\/div>\n<\/section><section class=\"bde-section-28-149 bde-section\">\n  \n\t\n\n\n\n<div class=\"section-container\"><div class=\"bde-div-28-155 bde-div\">\n  \n\t\n\n\n\n<h2 class=\"bde-heading-28-166 bde-heading\">\nEXPLORE OS PROJETOS QUE<br>DEFINEM A EXCEL\u00caNCIA\n<\/h2><div class=\"bde-button-28-157 bde-button\">\n    \n                                    \n    \n    \n    \n    \n            \n            <button type=\"button\" class=\"button-atom button-atom--custom bde-button__button\"  >\n    \n        <span class=\"button-atom__text\">PROJETOS<\/span>\n\n        \n        \n            <\/button>\n    \n\n\n<\/div>\n<\/div><div class=\"bde-columns-28-150 bde-columns\"><div class=\"bde-column-28-151 bde-column\">\n  \n\t\n\n\n\n<div class=\"bde-video-28-165 bde-video\">\n<div class=\"ee-video-container\">\n            <video class=\"ee-video\" src=\"http:\/\/omni.4b.pt\/wp-content\/uploads\/2026\/03\/0_Solar_Worker_1080x1080.mp4\"\n               autoplay='true'                controls='true'                                loop='true'                                controlsList=\"nodownload\"                playsinline\n        >\n        <\/video>\n    \n    <\/div>\n\n<\/div>\n<\/div><div class=\"bde-column-28-152 bde-column\">\n  \n\t\n\n\n\n\n<\/div><\/div><\/div>\n<\/section><section id=\"posts_home\" class=\"bde-section-28-139 bde-section\">\n  \n\t\n\n\n\n<div class=\"section-container\"><div class=\"bde-columns-28-140 bde-columns\" data-entrance=\"fade\"><div class=\"bde-column-28-141 bde-column\">\n  \n\t\n\n\n\n<h2 class=\"bde-heading-28-143 bde-heading\">\nReconstru\u00e7\u00e3o de <u>a-z<\/u>\n<\/h2>\n<\/div><\/div><div class=\"bde-text-28-142 bde-text\">\nArtigos recentes e informa\u00e7\u00e3o sobre constru\u00e7\u00e3o, reconstru\u00e7\u00e3o e<br>Manuten\u00e7\u00e3o de edif\u00edcios industriais\n<\/div><div class=\"bde-post-loop-28-146 bde-post-loop\">\n<div class=\"breakdance-swiper-wrapper\" data-swiper-id=\"146\"><div class=\"swiper\"><div class=\"ee-posts swiper-wrapper ee-posts-slider\">    <article class=\"ee-post swiper-slide\">\n        <div class=\"bde-div-265-100-262-265-1 bde-div bde-div-265-100\">\n  \n\t\n\n\n\n<img decoding=\"async\" class=\"bde-image2-265-101-262-265-1 bde-image2 bde-image2-265-101\" src=\"https:\/\/omni.4b.pt\/wp-content\/uploads\/2024\/11\/252.jpg\" loading=\"lazy\" srcset=\"https:\/\/omni.4b.pt\/wp-content\/uploads\/2024\/11\/252.jpg 1125w, https:\/\/omni.4b.pt\/wp-content\/uploads\/2024\/11\/252-225x300.jpg 225w, https:\/\/omni.4b.pt\/wp-content\/uploads\/2024\/11\/252-768x1024.jpg 768w\" sizes=\"(max-width: 1125px) 100vw, 1125px\"><\/img><h2 class=\"bde-heading-265-102-262-265-1 bde-heading bde-heading-265-102\">\nComo a Constru\u00e7\u00e3o de Armaz\u00e9ns Modernos Impulsiona a Efici\u00eancia e o Crescimento das Empresas\n<\/h2><div class=\"bde-text-265-105-262-265-1 bde-text bde-text-265-105\">\nIntrodu\u00e7\u00e3o A constru\u00e7\u00e3o de armaz\u00e9ns \u00e9 um processo essencial para empresas de v\u00e1rios sectores, especi...\n<\/div><div class=\"bde-button-265-104-262-265-1 bde-button bde-button-265-104\">\n    \n                                    \n    \n    \n    \n    \n            \n                    \n            \n            \n\n    \n    \n    \n    \n    \n    <a class=\"breakdance-link button-atom button-atom--text bde-button__button\" href=\"https:\/\/omni.4b.pt\/index.php\/2024\/11\/10\/como-a-construcao-de-armazens-modernos-impulsiona-a-eficiencia-e-o-crescimento-das-empresas\/\" target=\"_self\" data-type=\"url\"  >\n\n    \n        <span class=\"button-atom__text\">Ler mais<\/span>\n\n        \n                    \n    <span class=\"button-atom__icon-wrapper\">\n\n        \n            <svg xmlns=\"http:\/\/www.w3.org\/2000\/svg\" viewBox=\"0 0 448 512\"><!--! Font Awesome Free 6.5.1 by @fontawesome - https:\/\/fontawesome.com License - https:\/\/fontawesome.com\/license\/free (Icons: CC BY 4.0, Fonts: SIL OFL 1.1, Code: MIT License) Copyright 2023 Fonticons, Inc. --><path d=\"M438.6 278.6c12.5-12.5 12.5-32.8 0-45.3l-160-160c-12.5-12.5-32.8-12.5-45.3 0s-12.5 32.8 0 45.3L338.8 224 32 224c-17.7 0-32 14.3-32 32s14.3 32 32 32l306.7 0L233.4 393.4c-12.5 12.5-12.5 32.8 0 45.3s32.8 12.5 45.3 0l160-160z\"\/><\/svg>\n\n        \n    <\/span>\n\n\n        \n                <\/a>\n\n    \n\n\n<\/div>\n<\/div>    <\/article>\n    <article class=\"ee-post swiper-slide\">\n        <div class=\"bde-div-265-100-259-265-1 bde-div bde-div-265-100\">\n  \n\t\n\n\n\n<img decoding=\"async\" class=\"bde-image2-265-101-259-265-1 bde-image2 bde-image2-265-101\" src=\"https:\/\/omni.4b.pt\/wp-content\/uploads\/2024\/11\/26819393.jpg\" loading=\"lazy\" srcset=\"https:\/\/omni.4b.pt\/wp-content\/uploads\/2024\/11\/26819393.jpg 1500w, https:\/\/omni.4b.pt\/wp-content\/uploads\/2024\/11\/26819393-300x168.jpg 300w, https:\/\/omni.4b.pt\/wp-content\/uploads\/2024\/11\/26819393-1024x572.jpg 1024w, https:\/\/omni.4b.pt\/wp-content\/uploads\/2024\/11\/26819393-768x429.jpg 768w\" sizes=\"(max-width: 1500px) 100vw, 1500px\"><\/img><h2 class=\"bde-heading-265-102-259-265-1 bde-heading bde-heading-265-102\">\nRemodela\u00e7\u00e3o de Espa\u00e7os Industriais: Como Adaptar-se ao Futuro do Trabalho e da Produ\u00e7\u00e3o\n<\/h2><div class=\"bde-text-265-105-259-265-1 bde-text bde-text-265-105\">\nIntrodu\u00e7\u00e3o A remodela\u00e7\u00e3o de espa\u00e7os industriais \u00e9 uma tend\u00eancia crescente, impulsionada pela transfo...\n<\/div><div class=\"bde-button-265-104-259-265-1 bde-button bde-button-265-104\">\n    \n                                    \n    \n    \n    \n    \n            \n                    \n            \n            \n\n    \n    \n    \n    \n    \n    <a class=\"breakdance-link button-atom button-atom--text bde-button__button\" href=\"https:\/\/omni.4b.pt\/index.php\/2024\/11\/10\/remodelacao-de-espacos-industriais-como-adaptar-se-ao-futuro-do-trabalho-e-da-producao\/\" target=\"_self\" data-type=\"url\"  >\n\n    \n        <span class=\"button-atom__text\">Ler mais<\/span>\n\n        \n                    \n    <span class=\"button-atom__icon-wrapper\">\n\n        \n            <svg xmlns=\"http:\/\/www.w3.org\/2000\/svg\" viewBox=\"0 0 448 512\"><!--! Font Awesome Free 6.5.1 by @fontawesome - https:\/\/fontawesome.com License - https:\/\/fontawesome.com\/license\/free (Icons: CC BY 4.0, Fonts: SIL OFL 1.1, Code: MIT License) Copyright 2023 Fonticons, Inc. --><path d=\"M438.6 278.6c12.5-12.5 12.5-32.8 0-45.3l-160-160c-12.5-12.5-32.8-12.5-45.3 0s-12.5 32.8 0 45.3L338.8 224 32 224c-17.7 0-32 14.3-32 32s14.3 32 32 32l306.7 0L233.4 393.4c-12.5 12.5-12.5 32.8 0 45.3s32.8 12.5 45.3 0l160-160z\"\/><\/svg>\n\n        \n    <\/span>\n\n\n        \n                <\/a>\n\n    \n\n\n<\/div>\n<\/div>    <\/article>\n    <article class=\"ee-post swiper-slide\">\n        <div class=\"bde-div-265-100-256-265-1 bde-div bde-div-265-100\">\n  \n\t\n\n\n\n<img decoding=\"async\" class=\"bde-image2-265-101-256-265-1 bde-image2 bde-image2-265-101\" src=\"https:\/\/omni.4b.pt\/wp-content\/uploads\/2024\/11\/2147678959.jpg\" loading=\"lazy\" srcset=\"https:\/\/omni.4b.pt\/wp-content\/uploads\/2024\/11\/2147678959.jpg 1500w, https:\/\/omni.4b.pt\/wp-content\/uploads\/2024\/11\/2147678959-300x200.jpg 300w, https:\/\/omni.4b.pt\/wp-content\/uploads\/2024\/11\/2147678959-1024x683.jpg 1024w, https:\/\/omni.4b.pt\/wp-content\/uploads\/2024\/11\/2147678959-768x512.jpg 768w\" sizes=\"(max-width: 1500px) 100vw, 1500px\"><\/img><h2 class=\"bde-heading-265-102-256-265-1 bde-heading bde-heading-265-102\">\nRenova\u00e7\u00e3o de Escrit\u00f3rios: A Influ\u00eancia no Bem-Estar dos Colaboradores e no Desempenho das Empresas\n<\/h2><div class=\"bde-text-265-105-256-265-1 bde-text bde-text-265-105\">\nIntrodu\u00e7\u00e3o A renova\u00e7\u00e3o de escrit\u00f3rios \u00e9 uma estrat\u00e9gia cada vez mais adoptada para melhorar o ambien...\n<\/div><div class=\"bde-button-265-104-256-265-1 bde-button bde-button-265-104\">\n    \n                                    \n    \n    \n    \n    \n            \n                    \n            \n            \n\n    \n    \n    \n    \n    \n    <a class=\"breakdance-link button-atom button-atom--text bde-button__button\" href=\"https:\/\/omni.4b.pt\/index.php\/2024\/11\/10\/renovacao-de-escritorios-a-influencia-no-bem-estar-dos-colaboradores-e-no-desempenho-das-empresas\/\" target=\"_self\" data-type=\"url\"  >\n\n    \n        <span class=\"button-atom__text\">Ler mais<\/span>\n\n        \n                    \n    <span class=\"button-atom__icon-wrapper\">\n\n        \n            <svg xmlns=\"http:\/\/www.w3.org\/2000\/svg\" viewBox=\"0 0 448 512\"><!--! Font Awesome Free 6.5.1 by @fontawesome - https:\/\/fontawesome.com License - https:\/\/fontawesome.com\/license\/free (Icons: CC BY 4.0, Fonts: SIL OFL 1.1, Code: MIT License) Copyright 2023 Fonticons, Inc. --><path d=\"M438.6 278.6c12.5-12.5 12.5-32.8 0-45.3l-160-160c-12.5-12.5-32.8-12.5-45.3 0s-12.5 32.8 0 45.3L338.8 224 32 224c-17.7 0-32 14.3-32 32s14.3 32 32 32l306.7 0L233.4 393.4c-12.5 12.5-12.5 32.8 0 45.3s32.8 12.5 45.3 0l160-160z\"\/><\/svg>\n\n        \n    <\/span>\n\n\n        \n                <\/a>\n\n    \n\n\n<\/div>\n<\/div>    <\/article>\n    <article class=\"ee-post swiper-slide\">\n        <div class=\"bde-div-265-100-253-265-1 bde-div bde-div-265-100\">\n  \n\t\n\n\n\n<img decoding=\"async\" class=\"bde-image2-265-101-253-265-1 bde-image2 bde-image2-265-101\" src=\"https:\/\/omni.4b.pt\/wp-content\/uploads\/2024\/11\/7621-1.jpg\" loading=\"lazy\" srcset=\"https:\/\/omni.4b.pt\/wp-content\/uploads\/2024\/11\/7621-1.jpg 1500w, https:\/\/omni.4b.pt\/wp-content\/uploads\/2024\/11\/7621-1-300x200.jpg 300w, https:\/\/omni.4b.pt\/wp-content\/uploads\/2024\/11\/7621-1-1024x683.jpg 1024w, https:\/\/omni.4b.pt\/wp-content\/uploads\/2024\/11\/7621-1-768x512.jpg 768w\" sizes=\"(max-width: 1500px) 100vw, 1500px\"><\/img><h2 class=\"bde-heading-265-102-253-265-1 bde-heading bde-heading-265-102\">\nImpacto da Moderniza\u00e7\u00e3o de Espa\u00e7os Corporativos no Marketing e no Crescimento das Empresas\n<\/h2><div class=\"bde-text-265-105-253-265-1 bde-text bde-text-265-105\">\nIntrodu\u00e7\u00e3o A moderniza\u00e7\u00e3o de espa\u00e7os corporativos vai muito al\u00e9m da est\u00e9tica; trata-se de uma estrat...\n<\/div><div class=\"bde-button-265-104-253-265-1 bde-button bde-button-265-104\">\n    \n                                    \n    \n    \n    \n    \n            \n                    \n            \n            \n\n    \n    \n    \n    \n    \n    <a class=\"breakdance-link button-atom button-atom--text bde-button__button\" href=\"https:\/\/omni.4b.pt\/index.php\/2024\/11\/10\/impacto-da-modernizacao-de-espacos-corporativos-no-marketing-e-no-crescimento-das-empresas\/\" target=\"_self\" data-type=\"url\"  >\n\n    \n        <span class=\"button-atom__text\">Ler mais<\/span>\n\n        \n                    \n    <span class=\"button-atom__icon-wrapper\">\n\n        \n            <svg xmlns=\"http:\/\/www.w3.org\/2000\/svg\" viewBox=\"0 0 448 512\"><!--! Font Awesome Free 6.5.1 by @fontawesome - https:\/\/fontawesome.com License - https:\/\/fontawesome.com\/license\/free (Icons: CC BY 4.0, Fonts: SIL OFL 1.1, Code: MIT License) Copyright 2023 Fonticons, Inc. --><path d=\"M438.6 278.6c12.5-12.5 12.5-32.8 0-45.3l-160-160c-12.5-12.5-32.8-12.5-45.3 0s-12.5 32.8 0 45.3L338.8 224 32 224c-17.7 0-32 14.3-32 32s14.3 32 32 32l306.7 0L233.4 393.4c-12.5 12.5-12.5 32.8 0 45.3s32.8 12.5 45.3 0l160-160z\"\/><\/svg>\n\n        \n    <\/span>\n\n\n        \n                <\/a>\n\n    \n\n\n<\/div>\n<\/div>    <\/article>\n<\/div><\/div>\n            <div class=\"swiper-button-prev\">\n            \n        <\/div>\n        <div class=\"swiper-button-next\">\n            \n        <\/div>\n    \n            <div class=\"swiper-pagination\"><\/div>\n    \n<\/div>\n\n<\/div><\/div>\n<\/section><section class=\"bde-section-28-132 bde-section\">\n  \n\t\n\n\n\n<div class=\"section-container\"><div class=\"bde-columns-28-133 bde-columns\"><div class=\"bde-column-28-134 bde-column\">\n  \n\t\n\n\n\n<h1 class=\"bde-heading-28-135 bde-heading\">\nContacte-nos\n<\/h1><div class=\"bde-form-builder-28-136 bde-form-builder\">\n\n\n<form id=\"contact-form136\" class=\"breakdance-form breakdance-form--vertical \" data-options=\"{&quot;slug&quot;:&quot;custom&quot;,&quot;name&quot;:&quot;Contact Form&quot;,&quot;ajaxUrl&quot;:&quot;https:\\\/\\\/omni.4b.pt\\\/wp-admin\\\/admin-ajax.php&quot;,&quot;clearOnSuccess&quot;:true,&quot;hideOnSuccess&quot;:false,&quot;successMessage&quot;:&quot;Your message has been received!&quot;,&quot;errorMessage&quot;:&quot;Something went wrong&quot;,&quot;redirect&quot;:false,&quot;redirectUrl&quot;:&quot;&quot;,&quot;customJavaScript&quot;:&quot;&quot;,&quot;recaptcha&quot;:{&quot;key&quot;:&quot;&quot;,&quot;enabled&quot;:false},&quot;honeypot_enabled&quot;:false,&quot;popupsOnSuccess&quot;:[],&quot;popupsOnError&quot;:[]}\" data-steps=\"0\" >\n  \n  \n  \n<div class=\"breakdance-form-field breakdance-form-field--text\" >\n    \n    \n            <label class=\"breakdance-form-field__label\" for=\"name\">\n            Name<span class=\"breakdance-form-field__required\">*<\/span>\n        <\/label>\n    \n    <input\n    class=\"breakdance-form-field__input\"\n    id=\"name\"\n    aria-describedby=\"name\"\n    type=\"text\"\n    name=\"fields[name]\"\n    placeholder=\"\"\n    value=\"\"\n                \n        \n        \n    required\n    \n    \n>\n\n\n    \n    \n<\/div>\n\n\n<div class=\"breakdance-form-field breakdance-form-field--tel\" >\n    \n    \n            <label class=\"breakdance-form-field__label\" for=\"tazgxi\">\n            Telefone\n        <\/label>\n    \n    <input\n    class=\"breakdance-form-field__input\"\n    id=\"tazgxi\"\n    aria-describedby=\"tazgxi\"\n    type=\"tel\"\n    name=\"fields[tazgxi]\"\n    placeholder=\"\"\n    value=\"\"\n                \n        \n        \n    \n    \n    \n>\n\n\n    \n    \n<\/div>\n\n\n<div class=\"breakdance-form-field breakdance-form-field--email\" >\n    \n    \n            <label class=\"breakdance-form-field__label\" for=\"email\">\n            Email<span class=\"breakdance-form-field__required\">*<\/span>\n        <\/label>\n    \n    <input\n    class=\"breakdance-form-field__input\"\n    id=\"email\"\n    aria-describedby=\"email\"\n    type=\"email\"\n    name=\"fields[email]\"\n    placeholder=\"\"\n    value=\"\"\n                \n        \n        \n    required\n    \n    \n>\n\n\n    \n    \n<\/div>\n\n\n  \n\n<div class=\"breakdance-form-field breakdance-form-footer\">\n    \n    \n                                    \n    \n    \n    \n    \n            \n            <button type=\"submit\" class=\"button-atom button-atom--primary breakdance-form-button breakdance-form-button__submit\"  >\n    \n        <span class=\"button-atom__text\">Vamos conversar?<\/span>\n\n        \n        \n            <\/button>\n    \n    <input type=\"hidden\" name=\"form_id\" value=\"136\">\n    <input type=\"hidden\" name=\"post_id\" value=\"28\">\n<\/div>\n\n  \n<\/form>\n\n\n\n<\/div>\n<\/div><div class=\"bde-column-28-137 bde-column\">\n  \n\t\n\n\n\n<img decoding=\"async\" class=\"bde-image2-28-138 bde-image2\" src=\"http:\/\/omni.4b.pt\/wp-content\/uploads\/2026\/03\/Rodape_omni-scaled.png\" loading=\"lazy\" srcset=\"https:\/\/omni.4b.pt\/wp-content\/uploads\/2026\/03\/Rodape_omni-scaled.png 1440w, https:\/\/omni.4b.pt\/wp-content\/uploads\/2026\/03\/Rodape_omni-169x300.png 169w, https:\/\/omni.4b.pt\/wp-content\/uploads\/2026\/03\/Rodape_omni-576x1024.png 576w, https:\/\/omni.4b.pt\/wp-content\/uploads\/2026\/03\/Rodape_omni-768x1365.png 768w, https:\/\/omni.4b.pt\/wp-content\/uploads\/2026\/03\/Rodape_omni-864x1536.png 864w, https:\/\/omni.4b.pt\/wp-content\/uploads\/2026\/03\/Rodape_omni-1152x2048.png 1152w\" sizes=\"(max-width: 1440px) 100vw, 1440px\" data-entrance=\"slideUp\"><\/img>\n<\/div><\/div><\/div>\n<\/section>","protected":false},"excerpt":{"rendered":"<p>WE REBUILD TODAYA NEW TOMORROW REBUILDING THE FUTURE A Omnirehab \u00e9 uma empresa especializada em reabilita\u00e7\u00e3o estrutural, renova\u00e7\u00e3o t\u00e9cnica e manuten\u00e7\u00e3o de edif\u00edcios. Cada interven\u00e7\u00e3o combina precis\u00e3o, inova\u00e7\u00e3o e excel\u00eancia, assegurando solu\u00e7\u00f5es duradouras, seguras e rigorosamente planeadas. Garantimos seguran\u00e7a e longevidade aos edif\u00edcios e trabalhamos hoje para construir o amanh\u00e3. Conhe\u00e7a a nossa hist\u00f3ria EVERY [&hellip;]<\/p>\n","protected":false},"author":1,"featured_media":0,"parent":0,"menu_order":0,"comment_status":"closed","ping_status":"closed","template":"","meta":{"_acf_changed":false,"_breakdance_hide_in_design_set":false,"_breakdance_tags":"","footnotes":""},"class_list":["post-28","page","type-page","status-publish","hentry"],"acf":[],"_links":{"self":[{"href":"https:\/\/omni.4b.pt\/index.php\/wp-json\/wp\/v2\/pages\/28","targetHints":{"allow":["GET"]}}],"collection":[{"href":"https:\/\/omni.4b.pt\/index.php\/wp-json\/wp\/v2\/pages"}],"about":[{"href":"https:\/\/omni.4b.pt\/index.php\/wp-json\/wp\/v2\/types\/page"}],"author":[{"embeddable":true,"href":"https:\/\/omni.4b.pt\/index.php\/wp-json\/wp\/v2\/users\/1"}],"replies":[{"embeddable":true,"href":"https:\/\/omni.4b.pt\/index.php\/wp-json\/wp\/v2\/comments?post=28"}],"version-history":[{"count":77,"href":"https:\/\/omni.4b.pt\/index.php\/wp-json\/wp\/v2\/pages\/28\/revisions"}],"predecessor-version":[{"id":448,"href":"https:\/\/omni.4b.pt\/index.php\/wp-json\/wp\/v2\/pages\/28\/revisions\/448"}],"wp:attachment":[{"href":"https:\/\/omni.4b.pt\/index.php\/wp-json\/wp\/v2\/media?parent=28"}],"curies":[{"name":"wp","href":"https:\/\/api.w.org\/{rel}","templated":true}]}}