{"id":479,"date":"2026-03-30T11:35:02","date_gmt":"2026-03-30T11:35:02","guid":{"rendered":"https:\/\/omni.4b.pt\/?page_id=479"},"modified":"2026-03-30T11:59:57","modified_gmt":"2026-03-30T11:59:57","slug":"compromisso","status":"publish","type":"page","link":"https:\/\/omni.4b.pt\/index.php\/compromisso\/","title":{"rendered":"Compromisso"},"content":{"rendered":"<section class=\"bde-section-479-100 bde-section\">\n  \n\t\n\n\n\n<div class=\"section-container\"><div class=\"bde-columns-479-101 bde-columns\"><div class=\"bde-column-479-102 bde-column\">\n  \n\t\n\n\n\n<div class=\"bde-div-479-103 bde-div\">\n  \n\t\n\n\n\n<div class=\"bde-text-479-109 bde-text\">\nCOMPROMISSO COM A\n<\/div><h2 class=\"bde-heading-479-104 bde-heading\">\nExcel\u00eancia\n<\/h2><div class=\"bde-rich-text-479-105 bde-rich-text breakdance-rich-text-styles\">\n<p><span style=\"font-weight: 400;\">A Omnirehab pauta todas as suas interven\u00e7\u00f5es pelos mais elevados padr\u00f5es de <\/span><b>qualidade, seguran\u00e7a e responsabilidade ambiental<\/b><span style=\"font-weight: 400;\">. <\/span><\/p>\n<p><span style=\"font-weight: 400;\">Desde o planeamento inicial at\u00e9 \u00e0 execu\u00e7\u00e3o final, cada obra \u00e9 conduzida com <\/span><b>rigor t\u00e9cnico, monitoriza\u00e7\u00e3o cont\u00ednua e equipas especializadas<\/b><span style=\"font-weight: 400;\">, garantindo solu\u00e7\u00f5es dur\u00e1veis, seguras e eficientes.<\/span><\/p>\n<\/div>\n<\/div>\n<\/div><div class=\"bde-column-479-106 bde-column\">\n  \n\t\n\n\n\n<img decoding=\"async\" class=\"bde-image2-479-107 bde-image2\" src=\"http:\/\/omni.4b.pt\/wp-content\/uploads\/2026\/03\/pessoas-omni-scaled.png\" loading=\"lazy\" srcset=\"https:\/\/omni.4b.pt\/wp-content\/uploads\/2026\/03\/pessoas-omni-scaled.png 1707w, https:\/\/omni.4b.pt\/wp-content\/uploads\/2026\/03\/pessoas-omni-200x300.png 200w, https:\/\/omni.4b.pt\/wp-content\/uploads\/2026\/03\/pessoas-omni-683x1024.png 683w, https:\/\/omni.4b.pt\/wp-content\/uploads\/2026\/03\/pessoas-omni-768x1152.png 768w, https:\/\/omni.4b.pt\/wp-content\/uploads\/2026\/03\/pessoas-omni-1024x1536.png 1024w, https:\/\/omni.4b.pt\/wp-content\/uploads\/2026\/03\/pessoas-omni-1365x2048.png 1365w\" sizes=\"(max-width: 1707px) 100vw, 1707px\"><\/img>\n<\/div><\/div><\/div>\n<\/section><section class=\"bde-section-479-110 bde-section\">\n  \n\t\n\n\n\n<div class=\"section-container\"><div class=\"bde-columns-479-111 bde-columns\"><div class=\"bde-column-479-112 bde-column\">\n  \n\t\n\n\n\n<img decoding=\"async\" class=\"bde-image2-479-114 bde-image2\" src=\"http:\/\/omni.4b.pt\/wp-content\/uploads\/2026\/03\/A7407909.jpg\" loading=\"lazy\" srcset=\"https:\/\/omni.4b.pt\/wp-content\/uploads\/2026\/03\/A7407909.jpg 975w, https:\/\/omni.4b.pt\/wp-content\/uploads\/2026\/03\/A7407909-214x300.jpg 214w, https:\/\/omni.4b.pt\/wp-content\/uploads\/2026\/03\/A7407909-731x1024.jpg 731w, https:\/\/omni.4b.pt\/wp-content\/uploads\/2026\/03\/A7407909-768x1075.jpg 768w\" sizes=\"(max-width: 975px) 100vw, 975px\"><\/img>\n<\/div><div class=\"bde-column-479-113 bde-column\">\n  \n\t\n\n\n\n<div class=\"bde-div-479-115 bde-div\">\n  \n\t\n\n\n\n<h2 class=\"bde-heading-479-116 bde-heading\">\nQualidade\n<\/h2><div class=\"bde-text-479-117 bde-text\">\nA excel\u00eancia t\u00e9cnica est\u00e1 no centro de todas as nossas opera\u00e7\u00f5es. Cada projeto segue processos detalhados de controlo de qualidade, assegurando que os resultados finais correspondem \u00e0s expectativas e exig\u00eancias do cliente, bem como \u00e0s normas legais e regulamentares aplic\u00e1veis.\n<\/div>\n<\/div>\n<\/div><\/div><div class=\"bde-columns-479-118 bde-columns\"><div class=\"bde-column-479-121 bde-column\">\n  \n\t\n\n\n\n<div class=\"bde-div-479-122 bde-div\">\n  \n\t\n\n\n\n<h2 class=\"bde-heading-479-123 bde-heading\">\nSEGURAN\u00c7A\n<\/h2><div class=\"bde-text-479-124 bde-text\">\nA prote\u00e7\u00e3o das pessoas \u00e9 uma prioridade transversal a todas as interven\u00e7\u00f5es. Aplicamos normas rigorosas de seguran\u00e7a no trabalho, forma\u00e7\u00e3o cont\u00ednua das equipas e planos de mitiga\u00e7\u00e3o de riscos, de forma a garantir que cada obra \u00e9 realizada com total seguran\u00e7a para colaboradores, clientes e utilizadores finais.\n<\/div>\n<\/div>\n<\/div><div class=\"bde-column-479-119 bde-column\">\n  \n\t\n\n\n\n<img decoding=\"async\" class=\"bde-image2-479-120 bde-image2\" src=\"http:\/\/omni.4b.pt\/wp-content\/uploads\/2026\/03\/A7400688.png\" loading=\"lazy\" srcset=\"https:\/\/omni.4b.pt\/wp-content\/uploads\/2026\/03\/A7400688.png 2048w, https:\/\/omni.4b.pt\/wp-content\/uploads\/2026\/03\/A7400688-300x200.png 300w, https:\/\/omni.4b.pt\/wp-content\/uploads\/2026\/03\/A7400688-1024x683.png 1024w, https:\/\/omni.4b.pt\/wp-content\/uploads\/2026\/03\/A7400688-768x512.png 768w, https:\/\/omni.4b.pt\/wp-content\/uploads\/2026\/03\/A7400688-1536x1024.png 1536w\" sizes=\"(max-width: 2048px) 100vw, 2048px\"><\/img>\n<\/div><\/div><div class=\"bde-columns-479-125 bde-columns\"><div class=\"bde-column-479-126 bde-column\">\n  \n\t\n\n\n\n<img decoding=\"async\" class=\"bde-image2-479-127 bde-image2\" src=\"http:\/\/omni.4b.pt\/wp-content\/uploads\/2026\/03\/blog-16.png\" loading=\"lazy\" srcset=\"https:\/\/omni.4b.pt\/wp-content\/uploads\/2026\/03\/blog-16.png 1366w, https:\/\/omni.4b.pt\/wp-content\/uploads\/2026\/03\/blog-16-300x225.png 300w, https:\/\/omni.4b.pt\/wp-content\/uploads\/2026\/03\/blog-16-1024x769.png 1024w, https:\/\/omni.4b.pt\/wp-content\/uploads\/2026\/03\/blog-16-768x577.png 768w\" sizes=\"(max-width: 1366px) 100vw, 1366px\"><\/img>\n<\/div><div class=\"bde-column-479-128 bde-column\">\n  \n\t\n\n\n\n<div class=\"bde-div-479-129 bde-div\">\n  \n\t\n\n\n\n<h2 class=\"bde-heading-479-130 bde-heading\">\nAmbiente\n<\/h2><div class=\"bde-text-479-131 bde-text\">\nA sustentabilidade \u00e9 parte integrante da nossa abordagem. Gerimos os res\u00edduos de constru\u00e7\u00e3o e demoli\u00e7\u00e3o de forma respons\u00e1vel, minimizamos impactos ambientais e implementamos solu\u00e7\u00f5es que promovem efici\u00eancia energ\u00e9tica e conserva\u00e7\u00e3o de recursos, contribuindo para a constru\u00e7\u00e3o de edif\u00edcios mais sustent\u00e1veis e resilientes.\n<\/div>\n<\/div>\n<\/div><\/div><\/div>\n<\/section><section class=\"bde-section-479-132 bde-section\">\n              \n  \n\t\n\n  <div class=\"section-background-overlay\"><\/div>\n\n\n<div class=\"section-container\"><div class=\"bde-div-479-133 bde-div\">\n  \n\t\n\n\n\n<h2 class=\"bde-heading-479-134 bde-heading\">\nJunta-te a n\u00f3s!\n<\/h2><div class=\"bde-text-479-135 bde-text\">\nAcreditamos que o talento e o compromisso de cada profissional s\u00e3o a base do nosso crescimento.\n<\/div><div class=\"bde-button-479-136 bde-button\">\n    \n                                    \n    \n    \n    \n    \n            \n            <button type=\"button\" class=\"button-atom button-atom--custom bde-button__button\"  >\n    \n        <span class=\"button-atom__text\">CARREIRAS<\/span>\n\n                            \n        \n            <\/button>\n    \n\n\n<\/div>\n<\/div><\/div>\n<\/section>","protected":false},"excerpt":{"rendered":"<p>COMPROMISSO COM A Excel\u00eancia A Omnirehab pauta todas as suas interven\u00e7\u00f5es pelos mais elevados padr\u00f5es de qualidade, seguran\u00e7a e responsabilidade ambiental. Desde o planeamento inicial at\u00e9 \u00e0 execu\u00e7\u00e3o final, cada obra \u00e9 conduzida com rigor t\u00e9cnico, monitoriza\u00e7\u00e3o cont\u00ednua e equipas especializadas, garantindo solu\u00e7\u00f5es dur\u00e1veis, seguras e eficientes. Qualidade A excel\u00eancia t\u00e9cnica est\u00e1 no centro de [&hellip;]<\/p>\n","protected":false},"author":1,"featured_media":0,"parent":0,"menu_order":0,"comment_status":"closed","ping_status":"closed","template":"","meta":{"_acf_changed":false,"_breakdance_hide_in_design_set":false,"_breakdance_tags":"","footnotes":""},"class_list":["post-479","page","type-page","status-publish","hentry"],"acf":[],"_links":{"self":[{"href":"https:\/\/omni.4b.pt\/index.php\/wp-json\/wp\/v2\/pages\/479","targetHints":{"allow":["GET"]}}],"collection":[{"href":"https:\/\/omni.4b.pt\/index.php\/wp-json\/wp\/v2\/pages"}],"about":[{"href":"https:\/\/omni.4b.pt\/index.php\/wp-json\/wp\/v2\/types\/page"}],"author":[{"embeddable":true,"href":"https:\/\/omni.4b.pt\/index.php\/wp-json\/wp\/v2\/users\/1"}],"replies":[{"embeddable":true,"href":"https:\/\/omni.4b.pt\/index.php\/wp-json\/wp\/v2\/comments?post=479"}],"version-history":[{"count":12,"href":"https:\/\/omni.4b.pt\/index.php\/wp-json\/wp\/v2\/pages\/479\/revisions"}],"predecessor-version":[{"id":496,"href":"https:\/\/omni.4b.pt\/index.php\/wp-json\/wp\/v2\/pages\/479\/revisions\/496"}],"wp:attachment":[{"href":"https:\/\/omni.4b.pt\/index.php\/wp-json\/wp\/v2\/media?parent=479"}],"curies":[{"name":"wp","href":"https:\/\/api.w.org\/{rel}","templated":true}]}}